{"id":389,"date":"2017-04-25T13:59:12","date_gmt":"2017-04-25T13:59:12","guid":{"rendered":"http:\/\/tonatheme.com\/newwp\/ecogreen\/?page_id=7"},"modified":"2025-04-08T10:08:33","modified_gmt":"2025-04-08T07:08:33","slug":"home","status":"publish","type":"page","link":"http:\/\/marlateknoloji.com.tr\/","title":{"rendered":"Ana Sayfa"},"content":{"rendered":"<p><section class=\"kc-elm kc-css-245914 kc_row\"><div class=\"kc-row-container  kc-container\"><div class=\"kc-wrap-columns\"><div class=\"kc-elm kc-css-438147 kc_col-sm-1 kc_column kc_col-sm-1\"><div class=\"kc-col-container\"><\/div><\/div><div class=\"kc-elm kc-css-231955 kc_col-sm-11 kc_column kc_col-sm-11\"><div class=\"kc-col-container\"><section class=\"fact-counter style-2 sec-padd\" style=\"background-image: url();\">\r\n    <div class=\"container\">\r\n        <div class=\"section-title center\">\r\n            <h2><\/h2>\r\n        <\/div>\r\n        <div class=\"row clearfix\">\r\n            <div class=\"counter-outer clearfix\">\r\n                \r\n\t\t\t\t\t\t\t\t\t<!--Column-->\r\n\t\t\t\t\t<article class=\"column counter-column col-md-3 col-sm-6 col-xs-12 wow fadeIn\" data-wow-duration=\"0ms\">\r\n\t\t\t\t\t\t<div class=\"item\">\r\n\t\t\t\t\t\t\t<div class=\"icon\"><i class=\"sl-clock\"><\/i><\/div>\r\n\t\t\t\t\t\t\t<div class=\"count-outer\"><span class=\"count-text\" data-speed=\"3000\" data-stop=\"8\">0<\/span>+<\/div>\r\n\t\t\t\t\t\t\t<h4 class=\"counter-title\">Y\u0131ll\u0131k Tecr\u00fcbe<\/h4>\r\n\t\t\t\t\t\t<\/div>\r\n\t\t\t\t\t\t\t\r\n\t\t\t\t\t<\/article>\r\n\t\t\t\t\t\t\t\t\t<!--Column-->\r\n\t\t\t\t\t<article class=\"column counter-column col-md-3 col-sm-6 col-xs-12 wow fadeIn\" data-wow-duration=\"0ms\">\r\n\t\t\t\t\t\t<div class=\"item\">\r\n\t\t\t\t\t\t\t<div class=\"icon\"><i class=\"et-tools-2\"><\/i><\/div>\r\n\t\t\t\t\t\t\t<div class=\"count-outer\"><span class=\"count-text\" data-speed=\"3000\" data-stop=\"25\">0<\/span>+<\/div>\r\n\t\t\t\t\t\t\t<h4 class=\"counter-title\">Proje<\/h4>\r\n\t\t\t\t\t\t<\/div>\r\n\t\t\t\t\t\t\t\r\n\t\t\t\t\t<\/article>\r\n\t\t\t\t\t\t\t\t\t<!--Column-->\r\n\t\t\t\t\t<article class=\"column counter-column col-md-3 col-sm-6 col-xs-12 wow fadeIn\" data-wow-duration=\"0ms\">\r\n\t\t\t\t\t\t<div class=\"item\">\r\n\t\t\t\t\t\t\t<div class=\"icon\"><i class=\"sl-people\"><\/i><\/div>\r\n\t\t\t\t\t\t\t<div class=\"count-outer\"><span class=\"count-text\" data-speed=\"3000\" data-stop=\"20\">0<\/span>+<\/div>\r\n\t\t\t\t\t\t\t<h4 class=\"counter-title\">Referans<\/h4>\r\n\t\t\t\t\t\t<\/div>\r\n\t\t\t\t\t\t\t\r\n\t\t\t\t\t<\/article>\r\n\t\t\t\t                \r\n            <\/div>\r\n        <\/div>\r\n    <\/div>\r\n<\/section><\/div><\/div><\/div><\/div><\/section><section class=\"kc-elm kc-css-377301 kc_row\"><div class=\"kc-row-container  kc-container\"><div class=\"kc-wrap-columns\"><div class=\"kc-elm kc-css-487379 kc_col-sm-12 kc_column kc_col-sm-12\"><div class=\"kc-col-container\"><section class=\"about sec-padd2\">\r\n    <div class=\"container\">\r\n        <div class=\"section-title center\">\r\n            <h2>Biz Kimiz<\/h2>\r\n            <p>Marla Teknoloji M\u00fchendislik San. Ve Tic. Ltd. \u015eti. 2018 y\u0131l\u0131nda y\u00fcksek teknolojik hava dezenfeksiyon sistemleri tasar\u0131m\u0131 ve biyomedikal elektronik sistemler geli\u015ftirilmesi \u00fczerine KOSGEB Ar&amp;Ge inovasyon giri\u015fimci program\u0131 ile kurulmu\u015ftur.<\/p>\r\n        <\/div>\r\n        <div class=\"row\">\r\n            <div class=\"col-md-6 col-sm-12\">\r\n                \t\t\t\t\t<figure class=\"img-box\">\r\n\t\t\t\t\t\t<img decoding=\"async\" src=\"http:\/\/marlateknoloji.com.tr\/wp-content\/uploads\/2025\/03\/3.jpg\" alt=\"image\">\r\n\t\t\t\t\t<\/figure>\r\n\t\t\t\t            <\/div>\r\n            <div class=\"col-md-6 col-sm-6 col-xs-12\">\r\n                <div class=\"content\">\r\n                    <h2><\/h2>\r\n                    <div class=\"text\">\r\n                        <p>Kurulu\u015fundan g\u00fcn\u00fcm\u00fcze kadar bir\u00e7ok biyomedikal ve elektronik sistem projesi firmam\u0131z b\u00fcnyesinde ba\u015far\u0131 ile tamamlanm\u0131\u015ft\u0131r. Bunlar\u0131n yan\u0131nda hastane t\u0131bbi cihaz ve mefru\u015fat planlama hizmeti, t\u0131bbi alanlar i\u00e7in temiz oda tasar\u0131mlar\u0131, negatif bas\u0131n\u00e7 sistemleri tasar\u0131mlar\u0131, yatakl\u0131 tedavi kurumlar\u0131 ve sanayi tesisi gibi b\u00fcy\u00fck yap\u0131lar i\u00e7in hava ve su temizleme sistemleri tasar\u0131m\u0131 hizmetleri yer almaktad\u0131r. Akademik k\u00f6kenli bir firma olmas\u0131ndan dolay\u0131 Ar&amp;Ge ger\u00e7ekle\u015ftirme ve m\u00fchendislik \u00e7al\u0131\u015fmalar\u0131na bilimsel bir \u015fekilde yakla\u015farak \u00e7\u00f6z\u00fcmler sunmaktad\u0131r.\r\n\r\nAyr\u0131ca geli\u015ftirdi\u011fi hava temizleme sistemi ile negatif bas\u0131n\u00e7 odalar\u0131 hava temizleme, t\u0131bbi mahallerde hava temizleme ve hava kalitesinin korunmas\u0131, ta\u015f\u0131nabilir hava temizleyiciler konusunda \u00fcretimi deneyimi ve yurt i\u00e7i &amp; yurt d\u0131\u015f\u0131 pazarda sat\u0131\u015f kabiliyetine sahiptir. <\/p>\r\n                    <\/div>\r\n                    <h4><\/h4>\r\n                    <div class=\"text\">\r\n                        <p>Dinamik yap\u0131s\u0131 ile proje \u00e7al\u0131\u015fmalar\u0131na devam eden MARLA Teknoloji, yakla\u015f\u0131k 400 m2lik ofislerinde: planlama, elektronik ve mekanik tasar\u0131m laboratuvar\u0131 ile prototipleme merkezi gibi bir\u00e7ok kurulu\u015fa uluslararas\u0131 standartlarda Ar&amp;Ge m\u00fchendislik ve m\u00fc\u015favirlik hizmeti vermeye devam etmektedir.\r\n\r\n<\/p>\r\n                    <\/div>\r\n\t\t\t\t\t                    <div class=\"link\"><a href=\"#\" target=\"_blank\" class=\"thm-btn style-2\"><\/a><\/div>\r\n                <\/div>\r\n            <\/div>\r\n        <\/div>\r\n        \r\n    <\/div>\r\n<\/section>\r\n<\/div><\/div><\/div><\/div><\/section><section class=\"kc-elm kc-css-774716 kc_row\"><div class=\"kc-row-container  kc-container\"><div class=\"kc-wrap-columns\"><div class=\"kc-elm kc-css-487446 kc_col-sm-12 kc_column kc_col-sm-12\"><div class=\"kc-col-container\"><section class=\"why-chooseus\">\r\n    <div class=\"container\">\r\n        <div class=\"row\">\r\n            \r\n\t\t\t\t\t\t\t<div class=\"col-md-4 col-sm-6 col-xs-12\">\r\n\t\t\t\t\t<div class=\"item\">\r\n\t\t\t\t\t\t<div class=\"inner-box\">\r\n\t\t\t\t\t\t\t<!--icon-box-->\r\n\t\t\t\t\t\t\t<div class=\"icon_box\">\r\n\t\t\t\t\t\t\t\t<span class=\"fa-life-ring\"><\/span>\r\n\t\t\t\t\t\t\t<\/div>\r\n\t\t\t\t\t\t\t<a href=\"#\"><h4>Proje Y\u00f6netimi<\/h4><\/a>\r\n\t\t\t\t\t\t<\/div>\r\n\t\t\t\t\t\t<div class=\"text\"><p>Marla Teknoloji, m\u00fchendislik &amp; m\u00fc\u015favirlik &amp; tasar\u0131m ve ar-ge projelerinde; fizibilite \u00e7al\u0131\u015fmalar\u0131, isterlerin belirlenmesi, personel y\u00f6netimi, kaynak planlamas\u0131, s\u00fcre\u00e7 ve y\u00f6netim organizasyon hizmetlerini sunmaktad\u0131r.  <\/p><\/div>\r\n\t\t\t\t\t<\/div>\r\n\t\t\t\t<\/div>\r\n\t\t\t\t\t\t\t<div class=\"col-md-4 col-sm-6 col-xs-12\">\r\n\t\t\t\t\t<div class=\"item\">\r\n\t\t\t\t\t\t<div class=\"inner-box\">\r\n\t\t\t\t\t\t\t<!--icon-box-->\r\n\t\t\t\t\t\t\t<div class=\"icon_box\">\r\n\t\t\t\t\t\t\t\t<span class=\"fa-star\"><\/span>\r\n\t\t\t\t\t\t\t<\/div>\r\n\t\t\t\t\t\t\t<a href=\"#\"><h4>Tasar\u0131m ve \u00dcretim<\/h4><\/a>\r\n\t\t\t\t\t\t<\/div>\r\n\t\t\t\t\t\t<div class=\"text\"><p>\u0130htiya\u00e7lar\u0131n\u0131za y\u00f6nelik ileri teknoloji i\u00e7eren, izlenebilir tasar\u0131mlar.  <\/p><\/div>\r\n\t\t\t\t\t<\/div>\r\n\t\t\t\t<\/div>\r\n\t\t\t\t\t\t\t<div class=\"col-md-4 col-sm-6 col-xs-12\">\r\n\t\t\t\t\t<div class=\"item\">\r\n\t\t\t\t\t\t<div class=\"inner-box\">\r\n\t\t\t\t\t\t\t<!--icon-box-->\r\n\t\t\t\t\t\t\t<div class=\"icon_box\">\r\n\t\t\t\t\t\t\t\t<span class=\"sl-people\"><\/span>\r\n\t\t\t\t\t\t\t<\/div>\r\n\t\t\t\t\t\t\t<a href=\"#\"><h4>Yarat\u0131c\u0131 Fikirler<\/h4><\/a>\r\n\t\t\t\t\t\t<\/div>\r\n\t\t\t\t\t\t<div class=\"text\"><p>Ba\u015fta \u00dclkemiz, Avrupa ve D\u00fcnya\u2019ya inovatif de\u011fer katacak her t\u00fcrl\u00fc teknolojik fikirleri Marla Teknoloji k\u00fclt\u00fcr\u00fcyle hayata ge\u00e7iriyoruz.  <\/p><\/div>\r\n\t\t\t\t\t<\/div>\r\n\t\t\t\t<\/div>\r\n\t\t\t            \r\n        <\/div>\r\n    <\/div>\r\n<\/section><\/div><\/div><\/div><\/div><\/section><section class=\"kc-elm kc-css-30456 kc_row\"><div class=\"kc-row-container  kc-container\"><div class=\"kc-wrap-columns\"><div class=\"kc-elm kc-css-166883 kc_col-sm-6 kc_column kc_col-sm-6\"><div class=\"kc-col-container\"><div class=\"kc-elm kc-css-148659 kc_text_block\"><\/p>\n<p>\nMarla Teknoloji&#039;nin projeleri, t\u0131bbi cihaz kalite y\u00f6netimi ve kalite g\u00fcvence dan\u0131\u015fmanl\u0131\u011f\u0131\/deste\u011fi alanlar\u0131nda yo\u011funla\u015fmaktad\u0131r.<\/p>\n<p><span style=\"font-style: inherit;\">Ayr\u0131ca, akademik k\u00f6kenli bir firma olmas\u0131ndan dolay\u0131 Ar-Ge projelerine bilimsel bir yakla\u015f\u0131mla \u00e7\u00f6z\u00fcmler sunmaktad\u0131r.<\/span><\/p>\n<p>\n<\/div><\/div><\/div><div class=\"kc-elm kc-css-657732 kc_col-sm-6 kc_column kc_col-sm-6\"><div class=\"kc-col-container\"><div class=\"kc-elm kc-css-57645\">\n\t<div class=\"kc-carousel_images kc-elm kc-css-57645\">\n\t\n\t\t<div class=\"kc-carousel-images owl-carousel-images kc-sync1  owl-nav-round\" data-owl-i-options='{\"items\":\"3\",\"tablet\":\"2\",\"mobile\":\"1\",\"speed\":\"500\",\"navigation\":\"yes\",\"pagination\":\"yes\",\"autoheight\":\"\",\"progressbar\":\"\",\"delay\":\"8\",\"autoplay\":\"yes\",\"showthumb\":\"\",\"num_thumb\":\"5\"}'>\n\t\n\t\t\t\t\t<div class=\"item\">\n\t\n\t\t\t\t\t\t\t<img decoding=\"async\" src=\"http:\/\/marlateknoloji.com.tr\/wp-content\/uploads\/2025\/04\/image_2025-04-07_154700378.png\"  alt=\"\"\/>\n\t\n\t\t\t\t\n\t\t\t<\/div>\n\t\n\t\t\t\t\t<div class=\"item\">\n\t\n\t\t\t\t\t\t\t<img decoding=\"async\" src=\"http:\/\/marlateknoloji.com.tr\/wp-content\/uploads\/2025\/04\/image_2025-04-07_154119709.png\"  alt=\"\"\/>\n\t\n\t\t\t\t\n\t\t\t<\/div>\n\t\n\t\t\t\t\t<div class=\"item\">\n\t\n\t\t\t\t\t\t\t<img decoding=\"async\" src=\"http:\/\/marlateknoloji.com.tr\/wp-content\/uploads\/2025\/04\/image_2025-04-07_154901018.png\"  alt=\"\"\/>\n\t\n\t\t\t\t\n\t\t\t<\/div>\n\t\n\t\t\t\t\t<div class=\"item\">\n\t\n\t\t\t\t\t\t\t<img decoding=\"async\" src=\"http:\/\/marlateknoloji.com.tr\/wp-content\/uploads\/2025\/04\/image_2025-04-07_153750399.png\"  alt=\"\"\/>\n\t\n\t\t\t\t\n\t\t\t<\/div>\n\t\n\t\t\t\t\t<div class=\"item\">\n\t\n\t\t\t\t\t\t\t<img decoding=\"async\" src=\"http:\/\/marlateknoloji.com.tr\/wp-content\/uploads\/2025\/03\/Air-Medi-Logo_kare.jpg\"  alt=\"\"\/>\n\t\n\t\t\t\t\n\t\t\t<\/div>\n\t\n\t\t\t\n\t\t<\/div>\n\t\n\t\t\t<\/div>\n<\/div>\n<\/div><\/div><\/div><\/div><\/section><section class=\"kc-elm kc-css-63020 kc_row\"><div class=\"kc-row-container  kc-container\"><div class=\"kc-wrap-columns\"><div class=\"kc-elm kc-css-895897 kc_col-sm-12 kc_column kc_col-sm-12\"><div class=\"kc-col-container\"><section class=\"about sec-padd2\">\r\n    <div class=\"container\">\r\n        <div class=\"section-title center\">\r\n            <h2>Ye\u015fil D\u00f6n\u00fc\u015f\u00fcm ve Marla Teknoloji<\/h2>\r\n            <p>Marla Teknoloji M\u00fchendislik Ltd. \u015eti., 2018 y\u0131l\u0131nda hastane t\u0131bbi cihaz ve mefru\u015fat planlama hizmetleri, t\u0131bbi alanlar i\u00e7in temiz oda ve negatif bas\u0131n\u00e7 sistemleri tasar\u0131mlar\u0131, yatakl\u0131 tedavi kurumlar\u0131 ve sanayi tesisleri gibi b\u00fcy\u00fck yap\u0131lar i\u00e7in hava ve su temizleme sistemleri tasarlamak, \u00fcretmek, kurulum ve planlama hizmetleri sunmak amac\u0131yla kurulmu\u015ftur. \r\n\r\n\u015eirketin faaliyet alanlar\u0131, \u00f6zellikle hava ve su temizleme sistemleri tasar\u0131m\u0131 ve \u00fcretimi, ye\u015fil d\u00f6n\u00fc\u015f\u00fcm ve s\u00fcrd\u00fcr\u00fclebilirlik hedefleriyle do\u011frudan ili\u015fkilidir. Bu sistemler, end\u00fcstriyel tesislerde enerji verimlili\u011fini art\u0131rarak ve \u00e7evresel etkileri azaltarak s\u00fcrd\u00fcr\u00fclebilir bir gelece\u011fe katk\u0131 sa\u011flar.\r\n\r\nT\u00fcrkiye'de sanayinin ye\u015fil d\u00f6n\u00fc\u015f\u00fcm\u00fcne y\u00f6nelik \u00e7e\u015fitli destek programlar\u0131 bulunmaktad\u0131r. \u00d6rne\u011fin, T\u00dcB\u0130TAK'\u0131n y\u00fcr\u00fctt\u00fc\u011f\u00fc T\u00fcrkiye Ye\u015fil Sanayi Projesi kapsam\u0131nda, sanayinin ye\u015fil d\u00f6n\u00fc\u015f\u00fcm\u00fcne y\u00f6nelik teknolojik \u00e7\u00f6z\u00fcmlerin ticarile\u015fmesini kolayla\u015ft\u0131racak Ar-Ge ve yenilik faaliyetleri desteklenmektedir. \r\n\r\n Marla Teknoloji, bu t\u00fcr programlardan yararlanarak ye\u015fil d\u00f6n\u00fc\u015f\u00fcm s\u00fcre\u00e7lerini h\u0131zland\u0131rabilir ve \u00e7evre dostu teknolojiler geli\u015ftirebilir.\r\n\r\nAyr\u0131ca, ye\u015fil teknoloji ve inovasyon, s\u00fcrd\u00fcr\u00fclebilir bir gelecek in\u015fa etmek i\u00e7in kritik \u00f6neme sahiptir. Yenilik\u00e7i ye\u015fil teknolojiler ve ak\u0131ll\u0131 \u015fehirlerin s\u00fcrd\u00fcr\u00fclebilir altyap\u0131 projeleri, enerji verimlili\u011fini art\u0131rmakta ve \u00e7evresel etkileri azaltmaktad\u0131r. \r\n Marla Teknoloji'nin sundu\u011fu hava ve su temizleme sistemleri, bu ba\u011flamda \u00f6nemli bir rol oynamaktad\u0131r.\r\n\r\nSonu\u00e7 olarak, Marla Teknoloji'nin faaliyetleri, ye\u015fil d\u00f6n\u00fc\u015f\u00fcm ve s\u00fcrd\u00fcr\u00fclebilirlik hedefleriyle uyumlu olup, \u00e7evre dostu teknolojilerin geli\u015ftirilmesine ve uygulanmas\u0131na katk\u0131 sa\u011flamaktad\u0131r.<\/p>\r\n        <\/div>\r\n        <div class=\"row\">\r\n            <div class=\"col-md-6 col-sm-12\">\r\n                            <\/div>\r\n            <div class=\"col-md-6 col-sm-6 col-xs-12\">\r\n                <div class=\"content\">\r\n                    <h2><\/h2>\r\n                    <div class=\"text\">\r\n                        <p> <\/p>\r\n                    <\/div>\r\n                    <h4><\/h4>\r\n                    <div class=\"text\">\r\n                        <p><\/p>\r\n                    <\/div>\r\n\t\t\t\t\t                    <div class=\"link\"><a href=\"http:\/\/link\" target=\"target\" class=\"thm-btn style-2\"><\/a><\/div>\r\n                <\/div>\r\n            <\/div>\r\n        <\/div>\r\n        \r\n    <\/div>\r\n<\/section>\r\n<\/div><\/div><\/div><\/div><\/section><\/p>\n","protected":false},"excerpt":{"rendered":"","protected":false},"author":1,"featured_media":0,"parent":0,"menu_order":0,"comment_status":"closed","ping_status":"closed","template":"tpl-king_composer.php","meta":{"footnotes":""},"class_list":["post-389","page","type-page","status-publish","hentry"],"aioseo_notices":[],"_links":{"self":[{"href":"http:\/\/marlateknoloji.com.tr\/index.php\/wp-json\/wp\/v2\/pages\/389","targetHints":{"allow":["GET"]}}],"collection":[{"href":"http:\/\/marlateknoloji.com.tr\/index.php\/wp-json\/wp\/v2\/pages"}],"about":[{"href":"http:\/\/marlateknoloji.com.tr\/index.php\/wp-json\/wp\/v2\/types\/page"}],"author":[{"embeddable":true,"href":"http:\/\/marlateknoloji.com.tr\/index.php\/wp-json\/wp\/v2\/users\/1"}],"replies":[{"embeddable":true,"href":"http:\/\/marlateknoloji.com.tr\/index.php\/wp-json\/wp\/v2\/comments?post=389"}],"version-history":[{"count":34,"href":"http:\/\/marlateknoloji.com.tr\/index.php\/wp-json\/wp\/v2\/pages\/389\/revisions"}],"predecessor-version":[{"id":642,"href":"http:\/\/marlateknoloji.com.tr\/index.php\/wp-json\/wp\/v2\/pages\/389\/revisions\/642"}],"wp:attachment":[{"href":"http:\/\/marlateknoloji.com.tr\/index.php\/wp-json\/wp\/v2\/media?parent=389"}],"curies":[{"name":"wp","href":"https:\/\/api.w.org\/{rel}","templated":true}]}}