{"id":74,"date":"2017-04-28T10:35:45","date_gmt":"2017-04-28T10:35:45","guid":{"rendered":"http:\/\/tonatheme.com\/newwp\/ecogreen\/?page_id=74"},"modified":"2025-04-07T18:46:47","modified_gmt":"2025-04-07T15:46:47","slug":"about-us","status":"publish","type":"page","link":"http:\/\/marlateknoloji.com.tr\/index.php\/about-us\/","title":{"rendered":"Hakk\u0131m\u0131zda"},"content":{"rendered":"<p><section class=\"kc-elm kc-css-465298 kc_row\"><div class=\"kc-row-container  kc-container\"><div class=\"kc-wrap-columns\"><div class=\"kc-elm kc-css-762199 kc_col-sm-12 kc_column kc_col-sm-12\"><div class=\"kc-col-container\"><section class=\"about sec-padd2\">\r\n    <div class=\"container\">\r\n        <div class=\"section-title center\">\r\n            <h2>Hakk\u0131m\u0131zda<\/h2>\r\n            <p>Marla Teknoloji M\u00fch. Ltd. \u015eti. 2018'de hastane t\u0131bbi cihaz ve mefru\u015fat planlama hizmeti, t\u0131bbi alanlar i\u00e7in temiz oda, ve negatif bas\u0131n\u00e7 sistemleri tasar\u0131mlar\u0131, yatakl\u0131 tedavi kurumlar\u0131 ve sanayi tesisi gibi b\u00fcy\u00fck yap\u0131lar i\u00e7in hava ve su temizleme sistemleri tasarlamak, \u00fcretmek, kurulum ve planlama hizmeti vermek amac\u0131yla kurulmu\u015ftur. Akademik k\u00f6kenli bir firma olmas\u0131ndan dolay\u0131 Ar&amp;Ge ger\u00e7ekle\u015ftirme ve m\u00fchendislik \u00e7al\u0131\u015fmalar\u0131na bilimsel bir \u015fekilde yakla\u015farak \u00e7\u00f6z\u00fcmler sunmaktad\u0131r. Marla Teknoloji, KOSGEB Ar&amp;Ge \u0130novasyon deste\u011fi ile birlikte konvansiyonel iklim temizleme mod\u00fcl\u00fcn\u00fcn Ar&amp;Ge s\u00fcrecini ba\u015far\u0131yla tamamlam\u0131\u015ft\u0131r. Dinamik yap\u0131s\u0131 ile proje \u00e7al\u0131\u015fmalar\u0131na devam eden Marla Teknoloji, yakla\u015f\u0131k 400 m2lik ofislerinde: planlama, elektronik ve mekanik tasar\u0131m laboratuvar\u0131 ile prototipleme merkezi gibi bir\u00e7ok kurulu\u015fa uluslararas\u0131 standartlarda Ar&amp;Ge m\u00fchendislik ve m\u00fc\u015favirlik hizmeti vermeye devam etmektedir.<\/p>\r\n        <\/div>\r\n        <div class=\"row\">\r\n            <div class=\"col-md-6 col-sm-12\">\r\n                            <\/div>\r\n            <div class=\"col-md-6 col-sm-6 col-xs-12\">\r\n                <div class=\"content\">\r\n                    <h2><\/h2>\r\n                    <div class=\"text\">\r\n                        <p> <\/p>\r\n                    <\/div>\r\n                    <h4><\/h4>\r\n                    <div class=\"text\">\r\n                        <p><\/p>\r\n                    <\/div>\r\n\t\t\t\t\t                    <div class=\"link\"><a href=\"#\" target=\"_blank\" class=\"thm-btn style-2\"><\/a><\/div>\r\n                <\/div>\r\n            <\/div>\r\n        <\/div>\r\n        \r\n    <\/div>\r\n<\/section>\r\n<div class=\"kc-elm kc-css-805213\" style=\"height: 50px; clear: both; width:100%;\"><\/div><\/div><\/div><\/div><\/div><\/section><section class=\"kc-elm kc-css-414763 kc_row\"><div class=\"kc-row-container  kc-container\"><div class=\"kc-wrap-columns\"><div class=\"kc-elm kc-css-172099 kc_col-sm-9 kc_column kc_col-sm-9\"><div class=\"kc-col-container\"><div class=\"kc-elm kc-css-410767 kc_text_block\"><\/p>\n<h2>Hizmetlerimiz<\/h2>\n<p>\n<\/div><section class=\"why-chooseus\">\r\n    <div class=\"container\">\r\n        <div class=\"row\">\r\n            \r\n\t\t\t\t\t\t\t<div class=\"col-md-4 col-sm-6 col-xs-12\">\r\n\t\t\t\t\t<div class=\"item\">\r\n\t\t\t\t\t\t<div class=\"inner-box\">\r\n\t\t\t\t\t\t\t<!--icon-box-->\r\n\t\t\t\t\t\t\t<div class=\"icon_box\">\r\n\t\t\t\t\t\t\t\t<span class=\"et-tools\"><\/span>\r\n\t\t\t\t\t\t\t<\/div>\r\n\t\t\t\t\t\t\t<a href=\"\"><h4>Tasar\u0131m ve \u00dcretim<\/h4><\/a>\r\n\t\t\t\t\t\t<\/div>\r\n\t\t\t\t\t\t<div class=\"text\"><p>  <\/p><\/div>\r\n\t\t\t\t\t<\/div>\r\n\t\t\t\t<\/div>\r\n\t\t\t\t\t\t\t<div class=\"col-md-4 col-sm-6 col-xs-12\">\r\n\t\t\t\t\t<div class=\"item\">\r\n\t\t\t\t\t\t<div class=\"inner-box\">\r\n\t\t\t\t\t\t\t<!--icon-box-->\r\n\t\t\t\t\t\t\t<div class=\"icon_box\">\r\n\t\t\t\t\t\t\t\t<span class=\"et-pencil\"><\/span>\r\n\t\t\t\t\t\t\t<\/div>\r\n\t\t\t\t\t\t\t<a href=\"\"><h4>Ar&amp;Ge - \u00dcr&amp;Ge<\/h4><\/a>\r\n\t\t\t\t\t\t<\/div>\r\n\t\t\t\t\t\t<div class=\"text\"><p>  <\/p><\/div>\r\n\t\t\t\t\t<\/div>\r\n\t\t\t\t<\/div>\r\n\t\t\t            \r\n        <\/div>\r\n    <\/div>\r\n<\/section><section class=\"why-chooseus\">\r\n    <div class=\"container\">\r\n        <div class=\"row\">\r\n            \r\n\t\t\t\t\t\t\t<div class=\"col-md-4 col-sm-6 col-xs-12\">\r\n\t\t\t\t\t<div class=\"item\">\r\n\t\t\t\t\t\t<div class=\"inner-box\">\r\n\t\t\t\t\t\t\t<!--icon-box-->\r\n\t\t\t\t\t\t\t<div class=\"icon_box\">\r\n\t\t\t\t\t\t\t\t<span class=\"et-linegraph\"><\/span>\r\n\t\t\t\t\t\t\t<\/div>\r\n\t\t\t\t\t\t\t<a href=\"\"><h4>Proje Y\u00f6netimi<\/h4><\/a>\r\n\t\t\t\t\t\t<\/div>\r\n\t\t\t\t\t\t<div class=\"text\"><p>  <\/p><\/div>\r\n\t\t\t\t\t<\/div>\r\n\t\t\t\t<\/div>\r\n\t\t\t\t\t\t\t<div class=\"col-md-4 col-sm-6 col-xs-12\">\r\n\t\t\t\t\t<div class=\"item\">\r\n\t\t\t\t\t\t<div class=\"inner-box\">\r\n\t\t\t\t\t\t\t<!--icon-box-->\r\n\t\t\t\t\t\t\t<div class=\"icon_box\">\r\n\t\t\t\t\t\t\t\t<span class=\"et-tools-2\"><\/span>\r\n\t\t\t\t\t\t\t<\/div>\r\n\t\t\t\t\t\t\t<a href=\"\"><h4>Klinik M\u00fchendislik<\/h4><\/a>\r\n\t\t\t\t\t\t<\/div>\r\n\t\t\t\t\t\t<div class=\"text\"><p>  <\/p><\/div>\r\n\t\t\t\t\t<\/div>\r\n\t\t\t\t<\/div>\r\n\t\t\t            \r\n        <\/div>\r\n    <\/div>\r\n<\/section><\/div><\/div><div class=\"kc-elm kc-css-316428 kc_col-sm-3 kc_column kc_col-sm-3\"><div class=\"kc-col-container\"><div class=\"kc-elm kc-css-848497 kc_shortcode kc_single_image\">\n\n        <img decoding=\"async\" src=\"http:\/\/marlateknoloji.com.tr\/wp-content\/uploads\/2025\/03\/3.jpg\" class=\"\" alt=\"\" \/>    <\/div>\n<\/div><\/div><\/div><\/div><\/section><\/p>\n","protected":false},"excerpt":{"rendered":"","protected":false},"author":1,"featured_media":0,"parent":0,"menu_order":0,"comment_status":"closed","ping_status":"closed","template":"","meta":{"footnotes":""},"class_list":["post-74","page","type-page","status-publish","hentry"],"aioseo_notices":[],"_links":{"self":[{"href":"http:\/\/marlateknoloji.com.tr\/index.php\/wp-json\/wp\/v2\/pages\/74","targetHints":{"allow":["GET"]}}],"collection":[{"href":"http:\/\/marlateknoloji.com.tr\/index.php\/wp-json\/wp\/v2\/pages"}],"about":[{"href":"http:\/\/marlateknoloji.com.tr\/index.php\/wp-json\/wp\/v2\/types\/page"}],"author":[{"embeddable":true,"href":"http:\/\/marlateknoloji.com.tr\/index.php\/wp-json\/wp\/v2\/users\/1"}],"replies":[{"embeddable":true,"href":"http:\/\/marlateknoloji.com.tr\/index.php\/wp-json\/wp\/v2\/comments?post=74"}],"version-history":[{"count":7,"href":"http:\/\/marlateknoloji.com.tr\/index.php\/wp-json\/wp\/v2\/pages\/74\/revisions"}],"predecessor-version":[{"id":635,"href":"http:\/\/marlateknoloji.com.tr\/index.php\/wp-json\/wp\/v2\/pages\/74\/revisions\/635"}],"wp:attachment":[{"href":"http:\/\/marlateknoloji.com.tr\/index.php\/wp-json\/wp\/v2\/media?parent=74"}],"curies":[{"name":"wp","href":"https:\/\/api.w.org\/{rel}","templated":true}]}}